{"id":19,"date":"2020-06-29T13:09:22","date_gmt":"2020-06-29T13:09:22","guid":{"rendered":"http:\/\/hurtadopsychologist.com\/?page_id=19"},"modified":"2024-05-08T16:15:16","modified_gmt":"2024-05-08T20:15:16","slug":"home","status":"publish","type":"page","link":"https:\/\/hurtadopsychologist.com\/fr\/","title":{"rendered":"Psychologue clinicienne"},"content":{"rendered":"<div data-elementor-type=\"wp-page\" data-elementor-id=\"19\" class=\"elementor elementor-19\" data-elementor-post-type=\"page\">\n\t\t\t\t\t\t<section class=\"elementor-section elementor-top-section elementor-element elementor-element-820d5ee elementor-section-height-min-height elementor-section-boxed elementor-section-height-default elementor-section-items-middle\" data-id=\"820d5ee\" data-element_type=\"section\" data-e-type=\"section\" data-settings=\"{&quot;background_background&quot;:&quot;classic&quot;}\">\n\t\t\t\t\t\t<div class=\"elementor-container elementor-column-gap-default\">\n\t\t\t\t\t<div class=\"elementor-column elementor-col-100 elementor-top-column elementor-element elementor-element-c1edf33\" data-id=\"c1edf33\" data-element_type=\"column\" data-e-type=\"column\">\n\t\t\t<div class=\"elementor-widget-wrap elementor-element-populated\">\n\t\t\t\t\t\t<div class=\"elementor-element elementor-element-88f8665 elementor-widget elementor-widget-text-editor\" data-id=\"88f8665\" data-element_type=\"widget\" data-e-type=\"widget\" data-widget_type=\"text-editor.default\">\n\t\t\t\t<div class=\"elementor-widget-container\">\n\t\t\t\t\t\t\t\t\t<p>Lorsque quelqu\u2019un vous entend vraiment sans vous juger, sans essayer de vous prendre en charge ou de vous enfermer dans un moule, cela fait un bien incroyable\u2026\nA partir du moment o\u00f9 j\u2019ai \u00e9t\u00e9 \u00e9cout\u00e9 et entendu, je parviens \u00e0 percevoir mon univers sous un jour nouveau et \u00e0 aller de l\u2019avant. Il est \u00e9tonnant de voir \u00e0 quel point tout ce qui semblait insoluble trouve une issue d\u00e8s lors que quelqu\u2019un \u00e9coute. \u00c0 quel point ce qui semblait irr\u00e9m\u00e9diablement confus se d\u00e9noue de fa\u00e7on relativement claire lorsqu\u2019on est entendu.<\/p><p>Carl R. Rogers<\/p>\t\t\t\t\t\t\t\t<\/div>\n\t\t\t\t<\/div>\n\t\t\t\t\t<\/div>\n\t\t<\/div>\n\t\t\t\t\t<\/div>\n\t\t<\/section>\n\t\t\t\t<section class=\"elementor-section elementor-top-section elementor-element elementor-element-25a6dd7 elementor-section-boxed elementor-section-height-default elementor-section-height-default\" data-id=\"25a6dd7\" data-element_type=\"section\" data-e-type=\"section\">\n\t\t\t\t\t\t<div class=\"elementor-container elementor-column-gap-default\">\n\t\t\t\t\t<div class=\"elementor-column elementor-col-50 elementor-top-column elementor-element elementor-element-d46d37f\" data-id=\"d46d37f\" data-element_type=\"column\" data-e-type=\"column\">\n\t\t\t<div class=\"elementor-widget-wrap elementor-element-populated\">\n\t\t\t\t\t\t<div class=\"elementor-element elementor-element-54fd896 elementor-widget elementor-widget-image\" data-id=\"54fd896\" data-element_type=\"widget\" data-e-type=\"widget\" data-widget_type=\"image.default\">\n\t\t\t\t<div class=\"elementor-widget-container\">\n\t\t\t\t\t\t\t\t\t\t\t\t\t\t\t<img fetchpriority=\"high\" decoding=\"async\" width=\"505\" height=\"431\" src=\"https:\/\/hurtadopsychologist.com\/wp-content\/uploads\/2021\/04\/imagen5.png\" class=\"attachment-medium_large size-medium_large wp-image-704\" alt=\"\" srcset=\"https:\/\/hurtadopsychologist.com\/wp-content\/uploads\/2021\/04\/imagen5.png 505w, https:\/\/hurtadopsychologist.com\/wp-content\/uploads\/2021\/04\/imagen5-300x256.png 300w, https:\/\/hurtadopsychologist.com\/wp-content\/uploads\/2021\/04\/imagen5-14x12.png 14w\" sizes=\"(max-width: 505px) 100vw, 505px\" \/>\t\t\t\t\t\t\t\t\t\t\t\t\t\t\t<\/div>\n\t\t\t\t<\/div>\n\t\t\t\t\t<\/div>\n\t\t<\/div>\n\t\t\t\t<div class=\"elementor-column elementor-col-50 elementor-top-column elementor-element elementor-element-7623063\" data-id=\"7623063\" data-element_type=\"column\" data-e-type=\"column\">\n\t\t\t<div class=\"elementor-widget-wrap elementor-element-populated\">\n\t\t\t\t\t\t<div class=\"elementor-element elementor-element-689f07a elementor-widget elementor-widget-text-editor\" data-id=\"689f07a\" data-element_type=\"widget\" data-e-type=\"widget\" data-widget_type=\"text-editor.default\">\n\t\t\t\t<div class=\"elementor-widget-container\">\n\t\t\t\t\t\t\t\t\t<p class=\"translation-block\"><strong>Mayerling Hurtado<\/strong> exerce en tant que psychologue clinicienne depuis l'ann\u00e9e 2000. Elle offre des services psychologiques confidentiels \u00e0 distance, \u00e9galement connus sous le nom de t\u00e9l\u00e9psychologie, aux adolescents \u00e2g\u00e9s de 16 ans et plus, ainsi qu'aux adultes r\u00e9sidant en Ontario et au Qu\u00e9bec.<\/p><p><strong><strong>Mayerling Hurtado, psychologue clinicienne<\/strong>, adopte une approche fondamentalement int\u00e9grative centr\u00e9e sur la personne lors de ses s\u00e9ances. Son objectif est d'\u00e9tablir une relation th\u00e9rapeutique collaborative avec ses clients, dans un environnement s\u00e9curis\u00e9 et\nsans jugement.<\/strong><\/p><p class=\"translation-block\">Cela permet aux clients d'exprimer leurs\nexp\u00e9riences avec confiance et d'acc\u00e9der \u00e0 leurs propres ressources, afin de travailler ensemble sur leur \u00e9volution et leur\nchangement personnel.<\/p>\t\t\t\t\t\t\t\t<\/div>\n\t\t\t\t<\/div>\n\t\t\t\t<div class=\"elementor-element elementor-element-c3ec7bc elementor-align-center elementor-widget elementor-widget-button\" data-id=\"c3ec7bc\" data-element_type=\"widget\" data-e-type=\"widget\" data-widget_type=\"button.default\">\n\t\t\t\t<div class=\"elementor-widget-container\">\n\t\t\t\t\t\t\t\t\t<div class=\"elementor-button-wrapper\">\n\t\t\t\t\t<a class=\"elementor-button elementor-button-link elementor-size-sm\" href=\"#\">\n\t\t\t\t\t\t<span class=\"elementor-button-content-wrapper\">\n\t\t\t\t\t\t\t\t\t<span class=\"elementor-button-text\">Les services sont disponibles en anglais, fran\u00e7ais et en espagnol.<\/span>\n\t\t\t\t\t<\/span>\n\t\t\t\t\t<\/a>\n\t\t\t\t<\/div>\n\t\t\t\t\t\t\t\t<\/div>\n\t\t\t\t<\/div>\n\t\t\t\t\t<\/div>\n\t\t<\/div>\n\t\t\t\t\t<\/div>\n\t\t<\/section>\n\t\t\t\t<section class=\"elementor-section elementor-top-section elementor-element elementor-element-ab970bf elementor-section-boxed elementor-section-height-default elementor-section-height-default\" data-id=\"ab970bf\" data-element_type=\"section\" data-e-type=\"section\" data-settings=\"{&quot;background_background&quot;:&quot;classic&quot;}\">\n\t\t\t\t\t\t<div class=\"elementor-container elementor-column-gap-default\">\n\t\t\t\t\t<div class=\"elementor-column elementor-col-100 elementor-top-column elementor-element elementor-element-d86f302\" data-id=\"d86f302\" data-element_type=\"column\" data-e-type=\"column\">\n\t\t\t<div class=\"elementor-widget-wrap elementor-element-populated\">\n\t\t\t\t\t\t<div class=\"elementor-element elementor-element-8d5cd49 elementor-widget elementor-widget-heading\" data-id=\"8d5cd49\" data-element_type=\"widget\" data-e-type=\"widget\" data-widget_type=\"heading.default\">\n\t\t\t\t<div class=\"elementor-widget-container\">\n\t\t\t\t\t<h2 class=\"elementor-heading-title elementor-size-default\">Psychologue clinicienne - CONSULTATION SANS FRAIS<\/h2>\t\t\t\t<\/div>\n\t\t\t\t<\/div>\n\t\t\t\t<div class=\"elementor-element elementor-element-9bb9519 elementor-widget elementor-widget-text-editor\" data-id=\"9bb9519\" data-element_type=\"widget\" data-e-type=\"widget\" data-widget_type=\"text-editor.default\">\n\t\t\t\t<div class=\"elementor-widget-container\">\n\t\t\t\t\t\t\t\t\t<p>La th\u00e9rapie implique un engagement significatif de temps, d\u2019\u00e9nergie et un investissement d\u2019argent.<br \/>Pour vous permettre de choisir le bon sp\u00e9cialiste pour vous, je vous invite \u00e0<br \/><strong><a href=\"https:\/\/hurtadopsychologist.janeapp.com\/#\/staff_member\/1\" target=\"_blank\" rel=\"noopener\">R\u00e9servez une consultation gratuite de 15 minutes <\/a><\/strong><br \/>par vid\u00e9o s\u00e9curis\u00e9e ou par t\u00e9l\u00e9phone, qui nous permettra de discuter de vos besoins et de d\u00e9terminer si mes services peuvent vous convenir.<\/p>\t\t\t\t\t\t\t\t<\/div>\n\t\t\t\t<\/div>\n\t\t\t\t\t<\/div>\n\t\t<\/div>\n\t\t\t\t\t<\/div>\n\t\t<\/section>\n\t\t\t\t<section class=\"elementor-section elementor-top-section elementor-element elementor-element-fc336bc elementor-section-full_width elementor-section-height-default elementor-section-height-default\" data-id=\"fc336bc\" data-element_type=\"section\" data-e-type=\"section\">\n\t\t\t\t\t\t<div class=\"elementor-container elementor-column-gap-no\">\n\t\t\t\t\t<div class=\"elementor-column elementor-col-50 elementor-top-column elementor-element elementor-element-c7422a1\" data-id=\"c7422a1\" data-element_type=\"column\" data-e-type=\"column\" data-settings=\"{&quot;background_background&quot;:&quot;classic&quot;}\">\n\t\t\t<div class=\"elementor-widget-wrap elementor-element-populated\">\n\t\t\t\t\t\t<div class=\"elementor-element elementor-element-51c09c1 elementor-view-default elementor-position-block-start elementor-mobile-position-block-start elementor-widget elementor-widget-icon-box\" data-id=\"51c09c1\" data-element_type=\"widget\" data-e-type=\"widget\" data-widget_type=\"icon-box.default\">\n\t\t\t\t<div class=\"elementor-widget-container\">\n\t\t\t\t\t\t\t<div class=\"elementor-icon-box-wrapper\">\n\n\t\t\t\t\t\t<div class=\"elementor-icon-box-icon\">\n\t\t\t\t<a href=\"https:\/\/hurtadopsychologist.com\/fr\/contact\/\" class=\"elementor-icon\" tabindex=\"-1\" aria-label=\"Contactez-nous\">\n\t\t\t\t<i aria-hidden=\"true\" class=\"far fa-envelope\"><\/i>\t\t\t\t<\/a>\n\t\t\t<\/div>\n\t\t\t\n\t\t\t\t\t\t<div class=\"elementor-icon-box-content\">\n\n\t\t\t\t\t\t\t\t\t<h3 class=\"elementor-icon-box-title\">\n\t\t\t\t\t\t<a href=\"https:\/\/hurtadopsychologist.com\/fr\/contact\/\">\n\t\t\t\t\t\t\tContactez-nous\t\t\t\t\t\t<\/a>\n\t\t\t\t\t<\/h3>\n\t\t\t\t\n\t\t\t\t\n\t\t\t<\/div>\n\t\t\t\n\t\t<\/div>\n\t\t\t\t\t\t<\/div>\n\t\t\t\t<\/div>\n\t\t\t\t\t<\/div>\n\t\t<\/div>\n\t\t\t\t<div class=\"elementor-column elementor-col-50 elementor-top-column elementor-element elementor-element-94abaa4\" data-id=\"94abaa4\" data-element_type=\"column\" data-e-type=\"column\" data-settings=\"{&quot;background_background&quot;:&quot;classic&quot;}\">\n\t\t\t<div class=\"elementor-widget-wrap elementor-element-populated\">\n\t\t\t\t\t\t<div class=\"elementor-element elementor-element-485f404 elementor-view-default elementor-position-block-start elementor-mobile-position-block-start elementor-widget elementor-widget-icon-box\" data-id=\"485f404\" data-element_type=\"widget\" data-e-type=\"widget\" data-widget_type=\"icon-box.default\">\n\t\t\t\t<div class=\"elementor-widget-container\">\n\t\t\t\t\t\t\t<div class=\"elementor-icon-box-wrapper\">\n\n\t\t\t\t\t\t<div class=\"elementor-icon-box-icon\">\n\t\t\t\t<a href=\"tel:+12896447734\" class=\"elementor-icon\" tabindex=\"-1\" aria-label=\"T\u00e9l\u00e9phonez-nous\">\n\t\t\t\t<i aria-hidden=\"true\" class=\"fas fa-phone-square\"><\/i>\t\t\t\t<\/a>\n\t\t\t<\/div>\n\t\t\t\n\t\t\t\t\t\t<div class=\"elementor-icon-box-content\">\n\n\t\t\t\t\t\t\t\t\t<h3 class=\"elementor-icon-box-title\">\n\t\t\t\t\t\t<a href=\"tel:+12896447734\" >\n\t\t\t\t\t\t\tT\u00e9l\u00e9phonez-nous\t\t\t\t\t\t<\/a>\n\t\t\t\t\t<\/h3>\n\t\t\t\t\n\t\t\t\t\n\t\t\t<\/div>\n\t\t\t\n\t\t<\/div>\n\t\t\t\t\t\t<\/div>\n\t\t\t\t<\/div>\n\t\t\t\t\t<\/div>\n\t\t<\/div>\n\t\t\t\t\t<\/div>\n\t\t<\/section>\n\t\t\t\t<section class=\"elementor-section elementor-top-section elementor-element elementor-element-3d9c953 elementor-section-height-min-height elementor-section-boxed elementor-section-height-default elementor-section-items-middle\" data-id=\"3d9c953\" data-element_type=\"section\" data-e-type=\"section\" data-settings=\"{&quot;background_background&quot;:&quot;classic&quot;}\">\n\t\t\t\t\t\t<div class=\"elementor-container elementor-column-gap-default\">\n\t\t\t\t\t<div class=\"elementor-column elementor-col-100 elementor-top-column elementor-element elementor-element-02990a3\" data-id=\"02990a3\" data-element_type=\"column\" data-e-type=\"column\" data-settings=\"{&quot;background_background&quot;:&quot;classic&quot;}\">\n\t\t\t<div class=\"elementor-widget-wrap elementor-element-populated\">\n\t\t\t\t\t\t<div class=\"elementor-element elementor-element-0ecc9f6 elementor-widget elementor-widget-heading\" data-id=\"0ecc9f6\" data-element_type=\"widget\" data-e-type=\"widget\" data-widget_type=\"heading.default\">\n\t\t\t\t<div class=\"elementor-widget-container\">\n\t\t\t\t\t<h2 class=\"elementor-heading-title elementor-size-default\">T\u00c9L\u00c9TH\u00c9RAPIE<\/h2>\t\t\t\t<\/div>\n\t\t\t\t<\/div>\n\t\t\t\t<div class=\"elementor-element elementor-element-bdf6cc1 elementor-widget elementor-widget-text-editor\" data-id=\"bdf6cc1\" data-element_type=\"widget\" data-e-type=\"widget\" data-widget_type=\"text-editor.default\">\n\t\t\t\t<div class=\"elementor-widget-container\">\n\t\t\t\t\t\t\t\t\t<p>Des s\u00e9ances de psychoth\u00e9rapie offertes \u00e0 distance font partie int\u00e9grante de notre pratique afin que vous puissiez obtenir une r\u00e9ponse \u00e0 vos besoins en sant\u00e9 mentale, que vous soyez en Ontario ou au Qu\u00e9bec.<\/p><p>Cliquez sur le bouton ci-dessous pour r\u00e9server une CONSULTATION SANS FRAIS de 15 minutes, sans obligation (par vid\u00e9o ou t\u00e9l\u00e9phone) pour explorer si ce service r\u00e9pond \u00e0 vos besoins.<\/p>\t\t\t\t\t\t\t\t<\/div>\n\t\t\t\t<\/div>\n\t\t\t\t<div class=\"elementor-element elementor-element-b47edb2 elementor-align-center elementor-widget elementor-widget-button\" data-id=\"b47edb2\" data-element_type=\"widget\" data-e-type=\"widget\" data-widget_type=\"button.default\">\n\t\t\t\t<div class=\"elementor-widget-container\">\n\t\t\t\t\t\t\t\t\t<div class=\"elementor-button-wrapper\">\n\t\t\t\t\t<a class=\"elementor-button elementor-button-link elementor-size-lg\" href=\"https:\/\/hurtadopsychologist.janeapp.com\/#\/staff_member\/1\" target=\"_blank\" rel=\"noopener\">\n\t\t\t\t\t\t<span class=\"elementor-button-content-wrapper\">\n\t\t\t\t\t\t\t\t\t<span class=\"elementor-button-text\">Prendre un rendez-vous<\/span>\n\t\t\t\t\t<\/span>\n\t\t\t\t\t<\/a>\n\t\t\t\t<\/div>\n\t\t\t\t\t\t\t\t<\/div>\n\t\t\t\t<\/div>\n\t\t\t\t\t<\/div>\n\t\t<\/div>\n\t\t\t\t\t<\/div>\n\t\t<\/section>\n\t\t\t\t<\/div>","protected":false},"excerpt":{"rendered":"<p>\u201cWhen someone really hears you without passing judgment on you, without trying to take responsibility for you, without trying to mold you, it feels damn good. It is astonishing how elements which seem insoluble become soluble when someone listens. How confusions which seem irremediable turn into relatively clear flowing streams when one is heard.\u201d Carl [&hellip;]<\/p>\n","protected":false},"author":2,"featured_media":307,"parent":0,"menu_order":0,"comment_status":"closed","ping_status":"closed","template":"","meta":{"footnotes":""},"class_list":["post-19","page","type-page","status-publish","has-post-thumbnail","hentry"],"_links":{"self":[{"href":"https:\/\/hurtadopsychologist.com\/fr\/wp-json\/wp\/v2\/pages\/19","targetHints":{"allow":["GET"]}}],"collection":[{"href":"https:\/\/hurtadopsychologist.com\/fr\/wp-json\/wp\/v2\/pages"}],"about":[{"href":"https:\/\/hurtadopsychologist.com\/fr\/wp-json\/wp\/v2\/types\/page"}],"author":[{"embeddable":true,"href":"https:\/\/hurtadopsychologist.com\/fr\/wp-json\/wp\/v2\/users\/2"}],"replies":[{"embeddable":true,"href":"https:\/\/hurtadopsychologist.com\/fr\/wp-json\/wp\/v2\/comments?post=19"}],"version-history":[{"count":20,"href":"https:\/\/hurtadopsychologist.com\/fr\/wp-json\/wp\/v2\/pages\/19\/revisions"}],"predecessor-version":[{"id":1528,"href":"https:\/\/hurtadopsychologist.com\/fr\/wp-json\/wp\/v2\/pages\/19\/revisions\/1528"}],"wp:featuredmedia":[{"embeddable":true,"href":"https:\/\/hurtadopsychologist.com\/fr\/wp-json\/wp\/v2\/media\/307"}],"wp:attachment":[{"href":"https:\/\/hurtadopsychologist.com\/fr\/wp-json\/wp\/v2\/media?parent=19"}],"curies":[{"name":"wp","href":"https:\/\/api.w.org\/{rel}","templated":true}]}}