{"id":275,"date":"2020-07-07T14:26:54","date_gmt":"2020-07-07T14:26:54","guid":{"rendered":"http:\/\/hurtadopsychologist.com\/?page_id=275"},"modified":"2024-05-10T01:10:55","modified_gmt":"2024-05-10T05:10:55","slug":"online","status":"publish","type":"page","link":"https:\/\/hurtadopsychologist.com\/fr\/online\/","title":{"rendered":"T\u00c9L\u00c9TH\u00c9RAPIE"},"content":{"rendered":"<div data-elementor-type=\"wp-page\" data-elementor-id=\"275\" class=\"elementor elementor-275\" data-elementor-post-type=\"page\">\n\t\t\t\t\t\t<section class=\"elementor-section elementor-top-section elementor-element elementor-element-be20946 elementor-section-boxed elementor-section-height-default elementor-section-height-default\" data-id=\"be20946\" data-element_type=\"section\" data-e-type=\"section\">\n\t\t\t\t\t\t<div class=\"elementor-container elementor-column-gap-default\">\n\t\t\t\t\t<div class=\"elementor-column elementor-col-100 elementor-top-column elementor-element elementor-element-bcc6ea8\" data-id=\"bcc6ea8\" data-element_type=\"column\" data-e-type=\"column\">\n\t\t\t<div class=\"elementor-widget-wrap elementor-element-populated\">\n\t\t\t\t\t\t<div class=\"elementor-element elementor-element-5035128 elementor-widget elementor-widget-heading\" data-id=\"5035128\" data-element_type=\"widget\" data-e-type=\"widget\" data-widget_type=\"heading.default\">\n\t\t\t\t<div class=\"elementor-widget-container\">\n\t\t\t\t\t<h2 class=\"elementor-heading-title elementor-size-default\">T\u00c9L\u00c9TH\u00c9RAPIE<\/h2>\t\t\t\t<\/div>\n\t\t\t\t<\/div>\n\t\t\t\t<div class=\"elementor-element elementor-element-d41eae8 elementor-widget elementor-widget-text-editor\" data-id=\"d41eae8\" data-element_type=\"widget\" data-e-type=\"widget\" data-widget_type=\"text-editor.default\">\n\t\t\t\t<div class=\"elementor-widget-container\">\n\t\t\t\t\t\t\t\t\t<p>Notre pratique int\u00e8gre des s\u00e9ances de psychoth\u00e9rapie virtuelle comme offre standard,\nun service que Mayerling Hurtado offre depuis 2011. Cela signifie que vous pouvez \nfacilement acc\u00e9der au soutien en sant\u00e9 mentale dont vous avez besoin partout en Ontario ou au Qu\u00e9bec, garantissant ainsi la commodit\u00e9 et l'accessibilit\u00e9 sur  chemin vers bien-\u00eatre.<\/p>\t\t\t\t\t\t\t\t<\/div>\n\t\t\t\t<\/div>\n\t\t\t\t\t<\/div>\n\t\t<\/div>\n\t\t\t\t\t<\/div>\n\t\t<\/section>\n\t\t\t\t<section class=\"elementor-section elementor-top-section elementor-element elementor-element-c35c51b elementor-section-boxed elementor-section-height-default elementor-section-height-default\" data-id=\"c35c51b\" data-element_type=\"section\" data-e-type=\"section\">\n\t\t\t\t\t\t<div class=\"elementor-container elementor-column-gap-default\">\n\t\t\t\t\t<div class=\"elementor-column elementor-col-100 elementor-top-column elementor-element elementor-element-31732bf\" data-id=\"31732bf\" data-element_type=\"column\" data-e-type=\"column\">\n\t\t\t<div class=\"elementor-widget-wrap elementor-element-populated\">\n\t\t\t\t\t\t<section class=\"elementor-section elementor-inner-section elementor-element elementor-element-de24f77 elementor-section-boxed elementor-section-height-default elementor-section-height-default\" data-id=\"de24f77\" data-element_type=\"section\" data-e-type=\"section\">\n\t\t\t\t\t\t<div class=\"elementor-container elementor-column-gap-extended\">\n\t\t\t\t\t<div class=\"elementor-column elementor-col-33 elementor-inner-column elementor-element elementor-element-fd6e233\" data-id=\"fd6e233\" data-element_type=\"column\" data-e-type=\"column\">\n\t\t\t<div class=\"elementor-widget-wrap elementor-element-populated\">\n\t\t\t\t\t\t<div class=\"elementor-element elementor-element-67da5e2 elementor-widget elementor-widget-heading\" data-id=\"67da5e2\" data-element_type=\"widget\" data-e-type=\"widget\" data-widget_type=\"heading.default\">\n\t\t\t\t<div class=\"elementor-widget-container\">\n\t\t\t\t\t<h3 class=\"elementor-heading-title elementor-size-default\">Qu\u2019est-ce que la th\u00e9rapie \u00e0 distance?<\/h3>\t\t\t\t<\/div>\n\t\t\t\t<\/div>\n\t\t\t\t<div class=\"elementor-element elementor-element-3755ea3 elementor-widget elementor-widget-text-editor\" data-id=\"3755ea3\" data-element_type=\"widget\" data-e-type=\"widget\" data-widget_type=\"text-editor.default\">\n\t\t\t\t<div class=\"elementor-widget-container\">\n\t\t\t\t\t\t\t\t\t<p>La th\u00e9rapie en ligne, aussi appel\u00e9e t\u00e9l\u00e9th\u00e9rapie ou t\u00e9l\u00e9sant\u00e9, ressemble \u00e0 une th\u00e9rapie traditionnelle en personne, mais au lieu de se rencontrer dans un bureau, vous rencontrez votre th\u00e9rapeute sur Internet via des plateformes vid\u00e9o num\u00e9riques s\u00e9curis\u00e9es.<\/p><p>Les technologies de t\u00e9l\u00e9communications sont s\u00e9curis\u00e9es et confidentielles : nous utilisons une plate-forme vid\u00e9o s\u00e9curis\u00e9e, enti\u00e8rement confidentielle et conforme \u00e0 la PHIPA.<\/p><p>La th\u00e9rapie \u00e0 distance permet de fixer un rendez-vous qui peut \u00eatre mieux adapt\u00e9 \u00e0 votre horaire et \u00e0 vos circonstances de vie. Une r\u00e9f\u00e9rence n\u2019est pas n\u00e9cessaire.<\/p>\t\t\t\t\t\t\t\t<\/div>\n\t\t\t\t<\/div>\n\t\t\t\t\t<\/div>\n\t\t<\/div>\n\t\t\t\t<div class=\"elementor-column elementor-col-33 elementor-inner-column elementor-element elementor-element-82a13c2\" data-id=\"82a13c2\" data-element_type=\"column\" data-e-type=\"column\">\n\t\t\t<div class=\"elementor-widget-wrap elementor-element-populated\">\n\t\t\t\t\t\t<div class=\"elementor-element elementor-element-9c0a29d elementor-widget elementor-widget-heading\" data-id=\"9c0a29d\" data-element_type=\"widget\" data-e-type=\"widget\" data-widget_type=\"heading.default\">\n\t\t\t\t<div class=\"elementor-widget-container\">\n\t\t\t\t\t<h3 class=\"elementor-heading-title elementor-size-default\">La th\u00e9rapie \u00e0 distance est-elle efficace?<\/h3>\t\t\t\t<\/div>\n\t\t\t\t<\/div>\n\t\t\t\t<div class=\"elementor-element elementor-element-3c50d85 elementor-widget elementor-widget-text-editor\" data-id=\"3c50d85\" data-element_type=\"widget\" data-e-type=\"widget\" data-widget_type=\"text-editor.default\">\n\t\t\t\t<div class=\"elementor-widget-container\">\n\t\t\t\t\t\t\t\t\t<p>La th\u00e9rapie en ligne peut \u00eatre aussi efficace qu'un traitement en personne. La th\u00e9rapie en ligne s'est av\u00e9r\u00e9e \u00eatre un mode pr\u00e9cieux et efficace de prestation de services de sant\u00e9 mentale. Son accessibilit\u00e9, sa commodit\u00e9 et son efficacit\u00e9 fond\u00e9e sur la recherche en font une option viable pour les personnes recherchant un soutien et des conseils pour divers probl\u00e8mes psychologiques. Cependant, il est essentiel d\u2019\u00e9valuer les besoins et les pr\u00e9f\u00e9rences de chaque personne pour d\u00e9terminer l\u2019approche th\u00e9rapeutique la plus appropri\u00e9e.<br \/>individuals seeking support and guidance for various psychological concerns. However, it&#8217;s essential to assess individual needs and preferences to determine the most suitable approach to therapy.<\/p><p>Si vous envisagez une th\u00e9rapie en ligne ou si vous avez des questions sur nos services, n'h\u00e9sitez pas \u00e0 nous contacter. Nous sommes l\u00e0 pour vous accompagner dans votre cheminement vers le bien-\u00eatre mental.<\/p>\t\t\t\t\t\t\t\t<\/div>\n\t\t\t\t<\/div>\n\t\t\t\t\t<\/div>\n\t\t<\/div>\n\t\t\t\t<div class=\"elementor-column elementor-col-33 elementor-inner-column elementor-element elementor-element-6dfd171\" data-id=\"6dfd171\" data-element_type=\"column\" data-e-type=\"column\">\n\t\t\t<div class=\"elementor-widget-wrap elementor-element-populated\">\n\t\t\t\t\t\t<div class=\"elementor-element elementor-element-ce215ed elementor-widget elementor-widget-heading\" data-id=\"ce215ed\" data-element_type=\"widget\" data-e-type=\"widget\" data-widget_type=\"heading.default\">\n\t\t\t\t<div class=\"elementor-widget-container\">\n\t\t\t\t\t<h3 class=\"elementor-heading-title elementor-size-default\">Comment fonctionne la th\u00e9rapie \u00e0 distance?<\/h3>\t\t\t\t<\/div>\n\t\t\t\t<\/div>\n\t\t\t\t<div class=\"elementor-element elementor-element-ea7a569 elementor-widget elementor-widget-text-editor\" data-id=\"ea7a569\" data-element_type=\"widget\" data-e-type=\"widget\" data-widget_type=\"text-editor.default\">\n\t\t\t\t<div class=\"elementor-widget-container\">\n\t\t\t\t\t\t\t\t\t<p>C\u2019est simple et pratique, vous avez seulement besoin d\u2019une bonne connexion Internet - qui n\u2019est pas publique -, avec un t\u00e9l\u00e9phone intelligent, tablette, ordinateur ou ordinateur portable avec une cam\u00e9ra et un endroit priv\u00e9 o\u00f9 vous vous sentez \u00e0 l\u2019aise de parler.<\/p><p>Vous pouvez \u00e9galement utiliser des \u00e9couteurs pour une plus grande intimit\u00e9, si vous le souhaitez. Nous vous enverrons un lien par courriel afin que vous puissiez vous connecter \u00e0 votre session. Au moment du rendez-vous, il suffit de cliquer sur le lien et vous serez dirig\u00e9 vers votre session vid\u00e9o.<\/p>\t\t\t\t\t\t\t\t<\/div>\n\t\t\t\t<\/div>\n\t\t\t\t\t<\/div>\n\t\t<\/div>\n\t\t\t\t\t<\/div>\n\t\t<\/section>\n\t\t\t\t\t<\/div>\n\t\t<\/div>\n\t\t\t\t\t<\/div>\n\t\t<\/section>\n\t\t\t\t<section class=\"elementor-section elementor-top-section elementor-element elementor-element-e1352de elementor-section-boxed elementor-section-height-default elementor-section-height-default\" data-id=\"e1352de\" data-element_type=\"section\" data-e-type=\"section\">\n\t\t\t\t\t\t<div class=\"elementor-container elementor-column-gap-default\">\n\t\t\t\t\t<div class=\"elementor-column elementor-col-100 elementor-top-column elementor-element elementor-element-cb1681d\" data-id=\"cb1681d\" data-element_type=\"column\" data-e-type=\"column\">\n\t\t\t<div class=\"elementor-widget-wrap elementor-element-populated\">\n\t\t\t\t\t\t<div class=\"elementor-element elementor-element-f3b374c elementor-widget elementor-widget-heading\" data-id=\"f3b374c\" data-element_type=\"widget\" data-e-type=\"widget\" data-widget_type=\"heading.default\">\n\t\t\t\t<div class=\"elementor-widget-container\">\n\t\t\t\t\t<p class=\"elementor-heading-title elementor-size-default\">Les clients sont encourag\u00e9s \u00e0 v\u00e9rifier leurs plans d\u2019assurance pour savoir s\u2019ils couvrent les services de psychologie \u00e0 distance.<\/p>\t\t\t\t<\/div>\n\t\t\t\t<\/div>\n\t\t\t\t<div class=\"elementor-element elementor-element-169c72e elementor-widget elementor-widget-text-editor\" data-id=\"169c72e\" data-element_type=\"widget\" data-e-type=\"widget\" data-widget_type=\"text-editor.default\">\n\t\t\t\t<div class=\"elementor-widget-container\">\n\t\t\t\t\t\t\t\t\t<p>Selon vos besoins et objectifs, la th\u00e9rapie peut \u00eatre \u00e0 court terme, pour une probl\u00e9matique sp\u00e9cifique, ou \u00e0 plus long terme, pour faire face \u00e0 des probl\u00e8mes de vie r\u00e9currents ou r\u00e9pondre \u00e0 votre volont\u00e9 d\u2019une croissance personnelle plus approfondie. <\/p>\t\t\t\t\t\t\t\t<\/div>\n\t\t\t\t<\/div>\n\t\t\t\t\t<\/div>\n\t\t<\/div>\n\t\t\t\t\t<\/div>\n\t\t<\/section>\n\t\t\t\t<section class=\"elementor-section elementor-top-section elementor-element elementor-element-2e0dece elementor-section-boxed elementor-section-height-default elementor-section-height-default\" data-id=\"2e0dece\" data-element_type=\"section\" data-e-type=\"section\" data-settings=\"{&quot;background_background&quot;:&quot;classic&quot;}\">\n\t\t\t\t\t\t<div class=\"elementor-container elementor-column-gap-default\">\n\t\t\t\t\t<div class=\"elementor-column elementor-col-100 elementor-top-column elementor-element elementor-element-0ae852a\" data-id=\"0ae852a\" data-element_type=\"column\" data-e-type=\"column\">\n\t\t\t<div class=\"elementor-widget-wrap elementor-element-populated\">\n\t\t\t\t\t\t<div class=\"elementor-element elementor-element-498883b elementor-widget elementor-widget-text-editor\" data-id=\"498883b\" data-element_type=\"widget\" data-e-type=\"widget\" data-widget_type=\"text-editor.default\">\n\t\t\t\t<div class=\"elementor-widget-container\">\n\t\t\t\t\t\t\t\t\t<p>Pour la plupart des gens, il est difficile de prendre la d\u00e9cision de consulter pour un probl\u00e8me de sant\u00e9 mentale. Ce n\u2019est pas comme si quelqu\u2019un \u00ab veut \u00bb aller voir un th\u00e9rapeute ou un psychiatre. Cependant, la plupart des gens qui font l\u2019exp\u00e9rience de la psychoth\u00e9rapie r\u00e9alisent qu\u2019ils aiment le processus et appr\u00e9cient le temps r\u00e9serv\u00e9 avec leur psychologue comme \u00e9tant une chance d\u2019explorer de nouvelles fa\u00e7ons d\u2019agir, de penser, de ressentir. Ne laissez pas un certain inconfort \u00eatre un obstacle \u00e0 faire le premier pas d\u2019une d\u00e9marche que vous savez qui vous sera b\u00e9n\u00e9fique \u00e0 long terme.<\/p><p>Si vous avez des questions et que vous souhaitez des r\u00e9ponses avant de commencer une d\u00e9marche psychologique, vous pouvez r\u00e9server une consultation gratuite de 15 minutes pour en discuter.<\/p>\t\t\t\t\t\t\t\t<\/div>\n\t\t\t\t<\/div>\n\t\t\t\t\t<\/div>\n\t\t<\/div>\n\t\t\t\t\t<\/div>\n\t\t<\/section>\n\t\t\t\t<section class=\"elementor-section elementor-top-section elementor-element elementor-element-c84a796 elementor-section-full_width elementor-section-height-default elementor-section-height-default\" data-id=\"c84a796\" data-element_type=\"section\" data-e-type=\"section\">\n\t\t\t\t\t\t<div class=\"elementor-container elementor-column-gap-no\">\n\t\t\t\t\t<div class=\"elementor-column elementor-col-50 elementor-top-column elementor-element elementor-element-dc68155\" data-id=\"dc68155\" data-element_type=\"column\" data-e-type=\"column\" data-settings=\"{&quot;background_background&quot;:&quot;classic&quot;}\">\n\t\t\t<div class=\"elementor-widget-wrap elementor-element-populated\">\n\t\t\t\t\t\t<div class=\"elementor-element elementor-element-654a1c1 elementor-view-default elementor-position-block-start elementor-mobile-position-block-start elementor-widget elementor-widget-icon-box\" data-id=\"654a1c1\" data-element_type=\"widget\" data-e-type=\"widget\" data-widget_type=\"icon-box.default\">\n\t\t\t\t<div class=\"elementor-widget-container\">\n\t\t\t\t\t\t\t<div class=\"elementor-icon-box-wrapper\">\n\n\t\t\t\t\t\t<div class=\"elementor-icon-box-icon\">\n\t\t\t\t<a href=\"https:\/\/hurtadopsychologist.com\/fr\/contact\/\" class=\"elementor-icon\" tabindex=\"-1\" aria-label=\"Contactez-nous\">\n\t\t\t\t<i aria-hidden=\"true\" class=\"far fa-envelope\"><\/i>\t\t\t\t<\/a>\n\t\t\t<\/div>\n\t\t\t\n\t\t\t\t\t\t<div class=\"elementor-icon-box-content\">\n\n\t\t\t\t\t\t\t\t\t<h3 class=\"elementor-icon-box-title\">\n\t\t\t\t\t\t<a href=\"https:\/\/hurtadopsychologist.com\/fr\/contact\/\" >\n\t\t\t\t\t\t\tContactez-nous\t\t\t\t\t\t<\/a>\n\t\t\t\t\t<\/h3>\n\t\t\t\t\n\t\t\t\t\n\t\t\t<\/div>\n\t\t\t\n\t\t<\/div>\n\t\t\t\t\t\t<\/div>\n\t\t\t\t<\/div>\n\t\t\t\t\t<\/div>\n\t\t<\/div>\n\t\t\t\t<div class=\"elementor-column elementor-col-50 elementor-top-column elementor-element elementor-element-a3dc3cc\" data-id=\"a3dc3cc\" data-element_type=\"column\" data-e-type=\"column\" data-settings=\"{&quot;background_background&quot;:&quot;classic&quot;}\">\n\t\t\t<div class=\"elementor-widget-wrap elementor-element-populated\">\n\t\t\t\t\t\t<div class=\"elementor-element elementor-element-106cea6 elementor-view-default elementor-position-block-start elementor-mobile-position-block-start elementor-widget elementor-widget-icon-box\" data-id=\"106cea6\" data-element_type=\"widget\" data-e-type=\"widget\" data-widget_type=\"icon-box.default\">\n\t\t\t\t<div class=\"elementor-widget-container\">\n\t\t\t\t\t\t\t<div class=\"elementor-icon-box-wrapper\">\n\n\t\t\t\t\t\t<div class=\"elementor-icon-box-icon\">\n\t\t\t\t<a href=\"tel:+12896447734\" class=\"elementor-icon\" tabindex=\"-1\" aria-label=\"T\u00e9l\u00e9phonez-nous\">\n\t\t\t\t<i aria-hidden=\"true\" class=\"fas fa-phone-square\"><\/i>\t\t\t\t<\/a>\n\t\t\t<\/div>\n\t\t\t\n\t\t\t\t\t\t<div class=\"elementor-icon-box-content\">\n\n\t\t\t\t\t\t\t\t\t<h3 class=\"elementor-icon-box-title\">\n\t\t\t\t\t\t<a href=\"tel:+12896447734\" >\n\t\t\t\t\t\t\tT\u00e9l\u00e9phonez-nous\t\t\t\t\t\t<\/a>\n\t\t\t\t\t<\/h3>\n\t\t\t\t\n\t\t\t\t\n\t\t\t<\/div>\n\t\t\t\n\t\t<\/div>\n\t\t\t\t\t\t<\/div>\n\t\t\t\t<\/div>\n\t\t\t\t\t<\/div>\n\t\t<\/div>\n\t\t\t\t\t<\/div>\n\t\t<\/section>\n\t\t\t\t<section class=\"elementor-section elementor-top-section elementor-element elementor-element-12585ce elementor-section-height-min-height elementor-section-boxed elementor-section-height-default elementor-section-items-middle\" data-id=\"12585ce\" data-element_type=\"section\" data-e-type=\"section\" data-settings=\"{&quot;background_background&quot;:&quot;classic&quot;}\">\n\t\t\t\t\t\t<div class=\"elementor-container elementor-column-gap-default\">\n\t\t\t\t\t<div class=\"elementor-column elementor-col-100 elementor-top-column elementor-element elementor-element-5c5165b\" data-id=\"5c5165b\" data-element_type=\"column\" data-e-type=\"column\" data-settings=\"{&quot;background_background&quot;:&quot;classic&quot;}\">\n\t\t\t<div class=\"elementor-widget-wrap elementor-element-populated\">\n\t\t\t\t\t\t<div class=\"elementor-element elementor-element-f31b87d elementor-widget elementor-widget-heading\" data-id=\"f31b87d\" data-element_type=\"widget\" data-e-type=\"widget\" data-widget_type=\"heading.default\">\n\t\t\t\t<div class=\"elementor-widget-container\">\n\t\t\t\t\t<h2 class=\"elementor-heading-title elementor-size-default\">T\u00c9L\u00c9TH\u00c9RAPIE<\/h2>\t\t\t\t<\/div>\n\t\t\t\t<\/div>\n\t\t\t\t<div class=\"elementor-element elementor-element-b1d8fb1 elementor-widget elementor-widget-text-editor\" data-id=\"b1d8fb1\" data-element_type=\"widget\" data-e-type=\"widget\" data-widget_type=\"text-editor.default\">\n\t\t\t\t<div class=\"elementor-widget-container\">\n\t\t\t\t\t\t\t\t\t<p>Des s\u00e9ances de psychoth\u00e9rapie offertes \u00e0 distance font partie int\u00e9grante de notre pratique afin que vous puissiez obtenir une r\u00e9ponse \u00e0 vos besoins en sant\u00e9 mentale, que vous soyez en Ontario ou au Qu\u00e9bec.<\/p><p>Cliquez sur le bouton ci-dessous pour r\u00e9server une CONSULTATION SANS FRAIS de 15 minutes, sans obligation (par vid\u00e9o ou t\u00e9l\u00e9phone) pour explorer si ce service r\u00e9pond \u00e0 vos besoins.<\/p>\t\t\t\t\t\t\t\t<\/div>\n\t\t\t\t<\/div>\n\t\t\t\t<div class=\"elementor-element elementor-element-26bcea0 elementor-align-center elementor-widget elementor-widget-button\" data-id=\"26bcea0\" data-element_type=\"widget\" data-e-type=\"widget\" data-widget_type=\"button.default\">\n\t\t\t\t<div class=\"elementor-widget-container\">\n\t\t\t\t\t\t\t\t\t<div class=\"elementor-button-wrapper\">\n\t\t\t\t\t<a class=\"elementor-button elementor-button-link elementor-size-lg\" href=\"https:\/\/hurtadopsychologist.janeapp.com\/#\/staff_member\/1\" target=\"_blank\" rel=\"noopener\">\n\t\t\t\t\t\t<span class=\"elementor-button-content-wrapper\">\n\t\t\t\t\t\t\t\t\t<span class=\"elementor-button-text\">Prendre un rendez-vous<\/span>\n\t\t\t\t\t<\/span>\n\t\t\t\t\t<\/a>\n\t\t\t\t<\/div>\n\t\t\t\t\t\t\t\t<\/div>\n\t\t\t\t<\/div>\n\t\t\t\t\t<\/div>\n\t\t<\/div>\n\t\t\t\t\t<\/div>\n\t\t<\/section>\n\t\t\t\t<\/div>","protected":false},"excerpt":{"rendered":"<p>ONLINE PSYCHOLOGY SERVICES Our practice integrates virtual\u00a0 spychotherapy sessions as a standard offering, a service that Mayerling Hurtado has been providing since 2011. This means that you can conveniently access the mental health support you need from anywhere in Ontario or Quebec, ensuring convenience and accessibility on your path to well-being. What is Online Therapy? [&hellip;]<\/p>\n","protected":false},"author":2,"featured_media":0,"parent":0,"menu_order":0,"comment_status":"closed","ping_status":"closed","template":"","meta":{"footnotes":""},"class_list":["post-275","page","type-page","status-publish","hentry"],"_links":{"self":[{"href":"https:\/\/hurtadopsychologist.com\/fr\/wp-json\/wp\/v2\/pages\/275","targetHints":{"allow":["GET"]}}],"collection":[{"href":"https:\/\/hurtadopsychologist.com\/fr\/wp-json\/wp\/v2\/pages"}],"about":[{"href":"https:\/\/hurtadopsychologist.com\/fr\/wp-json\/wp\/v2\/types\/page"}],"author":[{"embeddable":true,"href":"https:\/\/hurtadopsychologist.com\/fr\/wp-json\/wp\/v2\/users\/2"}],"replies":[{"embeddable":true,"href":"https:\/\/hurtadopsychologist.com\/fr\/wp-json\/wp\/v2\/comments?post=275"}],"version-history":[{"count":23,"href":"https:\/\/hurtadopsychologist.com\/fr\/wp-json\/wp\/v2\/pages\/275\/revisions"}],"predecessor-version":[{"id":1534,"href":"https:\/\/hurtadopsychologist.com\/fr\/wp-json\/wp\/v2\/pages\/275\/revisions\/1534"}],"wp:attachment":[{"href":"https:\/\/hurtadopsychologist.com\/fr\/wp-json\/wp\/v2\/media?parent=275"}],"curies":[{"name":"wp","href":"https:\/\/api.w.org\/{rel}","templated":true}]}}