{"id":287,"date":"2020-07-07T15:03:28","date_gmt":"2020-07-07T15:03:28","guid":{"rendered":"http:\/\/hurtadopsychologist.com\/?page_id=287"},"modified":"2024-12-12T10:50:52","modified_gmt":"2024-12-12T15:50:52","slug":"fees","status":"publish","type":"page","link":"https:\/\/hurtadopsychologist.com\/fr\/fees\/","title":{"rendered":"HONORAIRES"},"content":{"rendered":"<div data-elementor-type=\"wp-page\" data-elementor-id=\"287\" class=\"elementor elementor-287\" data-elementor-post-type=\"page\">\n\t\t\t\t\t\t<section class=\"elementor-section elementor-top-section elementor-element elementor-element-d11529c elementor-section-boxed elementor-section-height-default elementor-section-height-default\" data-id=\"d11529c\" data-element_type=\"section\" data-e-type=\"section\">\n\t\t\t\t\t\t<div class=\"elementor-container elementor-column-gap-default\">\n\t\t\t\t\t<div class=\"elementor-column elementor-col-100 elementor-top-column elementor-element elementor-element-5107dd8\" data-id=\"5107dd8\" data-element_type=\"column\" data-e-type=\"column\">\n\t\t\t<div class=\"elementor-widget-wrap elementor-element-populated\">\n\t\t\t\t\t\t<div class=\"elementor-element elementor-element-9edc839 elementor-widget elementor-widget-heading\" data-id=\"9edc839\" data-element_type=\"widget\" data-e-type=\"widget\" data-widget_type=\"heading.default\">\n\t\t\t\t<div class=\"elementor-widget-container\">\n\t\t\t\t\t<h2 class=\"elementor-heading-title elementor-size-default\">FRAIS DES SERVICES PSYCHOLOGIQUES<\/h2>\t\t\t\t<\/div>\n\t\t\t\t<\/div>\n\t\t\t\t\t<\/div>\n\t\t<\/div>\n\t\t\t\t\t<\/div>\n\t\t<\/section>\n\t\t\t\t<section class=\"elementor-section elementor-top-section elementor-element elementor-element-a609930 elementor-section-boxed elementor-section-height-default elementor-section-height-default\" data-id=\"a609930\" data-element_type=\"section\" data-e-type=\"section\">\n\t\t\t\t\t\t<div class=\"elementor-container elementor-column-gap-default\">\n\t\t\t\t\t<div class=\"elementor-column elementor-col-100 elementor-top-column elementor-element elementor-element-d944a27\" data-id=\"d944a27\" data-element_type=\"column\" data-e-type=\"column\">\n\t\t\t<div class=\"elementor-widget-wrap elementor-element-populated\">\n\t\t\t\t\t\t<div class=\"elementor-element elementor-element-bee66a2 elementor-widget elementor-widget-eael-adv-tabs\" data-id=\"bee66a2\" data-element_type=\"widget\" data-e-type=\"widget\" data-widget_type=\"eael-adv-tabs.default\">\n\t\t\t\t<div class=\"elementor-widget-container\">\n\t\t\t\t\t        <div data-scroll-on-click=\"no\" data-scroll-speed=\"300\" id=\"eael-advance-tabs-bee66a2\" class=\"eael-advance-tabs eael-tabs-horizontal eael-tab-auto-active\" data-tabid=\"bee66a2\">\n            <div class=\"eael-tabs-nav\">\n                <ul class=\"eael-tab-inline-icon\" role=\"tablist\">\n                                            <li id=\"ontario-fee\" class=\"inactive eael-tab-item-trigger eael-tab-nav-item\" aria-selected=\"true\" data-tab=\"1\" role=\"tab\" tabindex=\"0\" aria-controls=\"ontario-fee-tab\" aria-expanded=\"false\">\n                            \n                                                                <i class=\"fas fa-home\"><\/i>                                                            \n                                                            <span class=\"eael-tab-title title-after-icon\" >Frais Ontario<\/span>                            \n                                                    <\/li>\n                                            <li id=\"quebec-fee\" class=\"inactive eael-tab-item-trigger eael-tab-nav-item\" aria-selected=\"false\" data-tab=\"2\" role=\"tab\" tabindex=\"-1\" aria-controls=\"quebec-fee-tab\" aria-expanded=\"false\">\n                            \n                                                                <i class=\"fas fa-home\"><\/i>                                                            \n                                                            <span class=\"eael-tab-title title-after-icon\" >Frais du Qu\u00e9bec<\/span>                            \n                                                    <\/li>\n                    \n                                  <\/ul>\n            <\/div>\n            \n            <div class=\"eael-tabs-content\">\n\t\t        \n                    <div id=\"ontario-fee-tab\" class=\"clearfix eael-tab-content-item inactive\" data-title-link=\"ontario-fee-tab\">\n\t\t\t\t        <p>Les honoraires et tarifs sont align\u00e9s sur les recommandations de l'Ontario Psychological Association, en tenant compte de la formation de Mayerling Hurtado de ses ann\u00e9es d'exp\u00e9rience\nprofessionnelle et de ses orientations cliniques sp\u00e9cifique. Il est important de noter qu'aucune taxe sur la valeur ajout\u00e9e (TVA) n'est appliqu\u00e9e aux services cliniques.<\/p><p>Les services sont factur\u00e9s sur une base horaire au taux de 260$ pour 60 minutes de traitement psychologique (temps de s\u00e9ance de 50 minutes plus 10 minutes pour la pr\u00e9paration et la documentation de votre traitement).<\/p><p>Il est g\u00e9n\u00e9ralement recommand\u00e9 de pr\u00e9voir une premi\u00e8re session plus longue afin que vous ayez le temps n\u00e9cessaire pour fournir les informations pertinentes, et pour que le psychologue puisse explorer suffisamment d\u2019aspects de votre situation. Si vous souhaitez fixer un premier rendez-vous plus long, veuillez demander une s\u00e9ance de 75 minutes au moment de la planification de la premi\u00e8re session. Les frais seront \u00e9tablis en cons\u00e9quence, selon la dur\u00e9e du rendez-vous (en fonction du tarif horaire).<br \/>Nous acceptons les formes de paiement suivantes : carte de cr\u00e9dit, transfert bancaire Interac.<\/p>                    <\/div>\n\t\t        \n                    <div id=\"quebec-fee-tab\" class=\"clearfix eael-tab-content-item inactive\" data-title-link=\"quebec-fee-tab\">\n\t\t\t\t        <p>Les services sont factur\u00e9s sur une base horaire au taux de 260$ pour 60 minutes de traitement psychologique (temps de s\u00e9ance de 50 minutes plus 10 minutes pour la pr\u00e9paration et la documentation de votre traitement).<\/p><p>Il est g\u00e9n\u00e9ralement recommand\u00e9 de pr\u00e9voir une premi\u00e8re session plus longue afin que vous ayez le temps n\u00e9cessaire pour fournir les informations pertinentes, et pour que le psychologue puisse explorer suffisamment d\u2019aspects de votre situation. Si vous souhaitez fixer un premier rendez-vous plus long, veuillez demander une s\u00e9ance de 75 minutes au moment de la planification de la premi\u00e8re session. Les frais seront \u00e9tablis en cons\u00e9quence, selon la dur\u00e9e du rendez-vous (en fonction du tarif horaire).<\/p><p>Nous acceptons les formes de paiement suivantes : carte de cr\u00e9dit, transfert bancaire Interac.<\/p>                    <\/div>\n\t\t                    <\/div>\n        <\/div>\n\t\t\t\t<\/div>\n\t\t\t\t<\/div>\n\t\t\t\t\t<\/div>\n\t\t<\/div>\n\t\t\t\t\t<\/div>\n\t\t<\/section>\n\t\t\t\t<section class=\"elementor-section elementor-top-section elementor-element elementor-element-55d2870 elementor-section-boxed elementor-section-height-default elementor-section-height-default\" data-id=\"55d2870\" data-element_type=\"section\" data-e-type=\"section\">\n\t\t\t\t\t\t<div class=\"elementor-container elementor-column-gap-default\">\n\t\t\t\t\t<div class=\"elementor-column elementor-col-100 elementor-top-column elementor-element elementor-element-7c4567a\" data-id=\"7c4567a\" data-element_type=\"column\" data-e-type=\"column\">\n\t\t\t<div class=\"elementor-widget-wrap elementor-element-populated\">\n\t\t\t\t\t\t<div class=\"elementor-element elementor-element-8ab7605 elementor-widget elementor-widget-heading\" data-id=\"8ab7605\" data-element_type=\"widget\" data-e-type=\"widget\" data-widget_type=\"heading.default\">\n\t\t\t\t<div class=\"elementor-widget-container\">\n\t\t\t\t\t<h2 class=\"elementor-heading-title elementor-size-default\">Informations importantes:<\/h2>\t\t\t\t<\/div>\n\t\t\t\t<\/div>\n\t\t\t\t<div class=\"elementor-element elementor-element-14ea887 elementor-icon-list--layout-traditional elementor-list-item-link-full_width elementor-widget elementor-widget-icon-list\" data-id=\"14ea887\" data-element_type=\"widget\" data-e-type=\"widget\" data-widget_type=\"icon-list.default\">\n\t\t\t\t<div class=\"elementor-widget-container\">\n\t\t\t\t\t\t\t<ul class=\"elementor-icon-list-items\">\n\t\t\t\t\t\t\t<li class=\"elementor-icon-list-item\">\n\t\t\t\t\t\t\t\t\t\t\t<span class=\"elementor-icon-list-icon\">\n\t\t\t\t\t\t\t<i aria-hidden=\"true\" class=\"fas fa-dot-circle\"><\/i>\t\t\t\t\t\t<\/span>\n\t\t\t\t\t\t\t\t\t\t<span class=\"elementor-icon-list-text\">Nos services ne sont pas couverts par l\u2019Assurance-maladie du Quebec. Toutefois, la plupart des r\u00e9gimes d\u2019assurance prolong\u00e9s vous rembourseront en totalit\u00e9 ou en partie les frais. Les frais restants, non rembours\u00e9s, peuvent \u00eatre r\u00e9clam\u00e9s \u00e0 titre de frais m\u00e9dicaux dans vos d\u00e9clarations de revenus.<\/span>\n\t\t\t\t\t\t\t\t\t<\/li>\n\t\t\t\t\t\t\t\t<li class=\"elementor-icon-list-item\">\n\t\t\t\t\t\t\t\t\t\t\t<span class=\"elementor-icon-list-icon\">\n\t\t\t\t\t\t\t<i aria-hidden=\"true\" class=\"fas fa-dot-circle\"><\/i>\t\t\t\t\t\t<\/span>\n\t\t\t\t\t\t\t\t\t\t<span class=\"elementor-icon-list-text\">Nous acceptons les auto-r\u00e9f\u00e9rences ou les r\u00e9f\u00e9rences d\u2019autres professionnels. Veuillez noter que certains r\u00e9gimes d\u2019assurance prolong\u00e9s exigent la r\u00e9f\u00e9rence d\u2019un m\u00e9decin avant de rembourser les frais.<\/span>\n\t\t\t\t\t\t\t\t\t<\/li>\n\t\t\t\t\t\t\t\t<li class=\"elementor-icon-list-item\">\n\t\t\t\t\t\t\t\t\t\t\t<span class=\"elementor-icon-list-icon\">\n\t\t\t\t\t\t\t<i aria-hidden=\"true\" class=\"fas fa-dot-circle\"><\/i>\t\t\t\t\t\t<\/span>\n\t\t\t\t\t\t\t\t\t\t<span class=\"elementor-icon-list-text\">Certains employeurs ont \u00e9galement des programmes d\u2019aide aux employ\u00e9s (PAE) pour r\u00e9pondre aux besoins d\u2019aide en sant\u00e9 mentale. (veuillez communiquer avec votre employeur au sujet de la disponibilit\u00e9 de ces services).<\/span>\n\t\t\t\t\t\t\t\t\t<\/li>\n\t\t\t\t\t\t\t\t<li class=\"elementor-icon-list-item\">\n\t\t\t\t\t\t\t\t\t\t\t<span class=\"elementor-icon-list-icon\">\n\t\t\t\t\t\t\t<i aria-hidden=\"true\" class=\"fas fa-dot-circle\"><\/i>\t\t\t\t\t\t<\/span>\n\t\t\t\t\t\t\t\t\t\t<span class=\"elementor-icon-list-text\">Nous ne faisons PAS de facturation directe \u00e0 votre compagnie d\u2019assurance pour le moment.<\/span>\n\t\t\t\t\t\t\t\t\t<\/li>\n\t\t\t\t\t\t\t\t<li class=\"elementor-icon-list-item\">\n\t\t\t\t\t\t\t\t\t\t\t<span class=\"elementor-icon-list-icon\">\n\t\t\t\t\t\t\t<i aria-hidden=\"true\" class=\"fas fa-dot-circle\"><\/i>\t\t\t\t\t\t<\/span>\n\t\t\t\t\t\t\t\t\t\t<span class=\"elementor-icon-list-text\">Le paiement est exigible \u00e0 la fin de chaque session et vous recevrez un re\u00e7u pour les services psychologiques \u00e0 soumettre \u00e0 votre compagnie d\u2019assurance pour remboursement si y \u00eates admissibles.<\/span>\n\t\t\t\t\t\t\t\t\t<\/li>\n\t\t\t\t\t\t\t\t<li class=\"elementor-icon-list-item\">\n\t\t\t\t\t\t\t\t\t\t\t<span class=\"elementor-icon-list-icon\">\n\t\t\t\t\t\t\t<i aria-hidden=\"true\" class=\"fas fa-dot-circle\"><\/i>\t\t\t\t\t\t<\/span>\n\t\t\t\t\t\t\t\t\t\t<span class=\"elementor-icon-list-text\">Nous offrons une liste d\u2019attente (advenant une annulation d\u2019un client) \u00e0 laquelle vous pouvez vous ajouter sur le site de r\u00e9servation en ligne afin que vous puissiez \u00eatre rencontr\u00e9 plus t\u00f4t que le rendez-vous que vous avez r\u00e9serv\u00e9. Parfois, on peut vous offrir un rendez-vous le lendemain ou dans la semaine.<\/span>\n\t\t\t\t\t\t\t\t\t<\/li>\n\t\t\t\t\t\t<\/ul>\n\t\t\t\t\t\t<\/div>\n\t\t\t\t<\/div>\n\t\t\t\t\t<\/div>\n\t\t<\/div>\n\t\t\t\t\t<\/div>\n\t\t<\/section>\n\t\t\t\t<section class=\"elementor-section elementor-top-section elementor-element elementor-element-14f1015 elementor-section-boxed elementor-section-height-default elementor-section-height-default\" data-id=\"14f1015\" data-element_type=\"section\" data-e-type=\"section\">\n\t\t\t\t\t\t<div class=\"elementor-container elementor-column-gap-default\">\n\t\t\t\t\t<div class=\"elementor-column elementor-col-100 elementor-top-column elementor-element elementor-element-f41e1c9\" data-id=\"f41e1c9\" data-element_type=\"column\" data-e-type=\"column\">\n\t\t\t<div class=\"elementor-widget-wrap elementor-element-populated\">\n\t\t\t\t\t\t<div class=\"elementor-element elementor-element-262b1e1 elementor-widget elementor-widget-heading\" data-id=\"262b1e1\" data-element_type=\"widget\" data-e-type=\"widget\" data-widget_type=\"heading.default\">\n\t\t\t\t<div class=\"elementor-widget-container\">\n\t\t\t\t\t<h2 class=\"elementor-heading-title elementor-size-default\">POLITIQUE D\u2019ANNULATION ET D\u2019ABSENCE<\/h2>\t\t\t\t<\/div>\n\t\t\t\t<\/div>\n\t\t\t\t<div class=\"elementor-element elementor-element-0ce37a6 elementor-widget elementor-widget-text-editor\" data-id=\"0ce37a6\" data-element_type=\"widget\" data-e-type=\"widget\" data-widget_type=\"text-editor.default\">\n\t\t\t\t<div class=\"elementor-widget-container\">\n\t\t\t\t\t\t\t\t\t<p>Lorsque vous r\u00e9servez votre rendez-vous, votre heure de rendez-vous est r\u00e9serv\u00e9e exclusivement pour vous, ce qui signifie que cette case horaire n\u2019est plus disponible pour nos autres clients. Afin d\u2019\u00eatre respectueux de vos coll\u00e8gues clients, veuillez-nous informer d\u00e8s que vous savez que vous ne pourrez pas vous pr\u00e9senter au rendez-vous.<\/p><p>Un avis de 48 heures est n\u00e9cessaire pour annuler ou reporter un rendez-vous.  Les rendez-vous \u00e9tant tr\u00e8s en demande, votre pr\u00e9avis permettra \u00e0 un autre client d\u2019avoir acc\u00e8s \u00e0 cette case horaire. Les rendez-vous manqu\u00e9s ou les annulations effectu\u00e9es dans un d\u00e9lai inf\u00e9rieur \u00e0 48 heures vous seront factur\u00e9s au montant de la s\u00e9ance manqu\u00e9e.<\/p>\t\t\t\t\t\t\t\t<\/div>\n\t\t\t\t<\/div>\n\t\t\t\t\t<\/div>\n\t\t<\/div>\n\t\t\t\t\t<\/div>\n\t\t<\/section>\n\t\t\t\t<section class=\"elementor-section elementor-top-section elementor-element elementor-element-479af88 elementor-section-boxed elementor-section-height-default elementor-section-height-default\" data-id=\"479af88\" data-element_type=\"section\" data-e-type=\"section\" data-settings=\"{&quot;background_background&quot;:&quot;classic&quot;}\">\n\t\t\t\t\t\t<div class=\"elementor-container elementor-column-gap-default\">\n\t\t\t\t\t<div class=\"elementor-column elementor-col-100 elementor-top-column elementor-element elementor-element-5b2b06f\" data-id=\"5b2b06f\" data-element_type=\"column\" data-e-type=\"column\">\n\t\t\t<div class=\"elementor-widget-wrap elementor-element-populated\">\n\t\t\t\t\t\t<div class=\"elementor-element elementor-element-459b897 elementor-widget elementor-widget-heading\" data-id=\"459b897\" data-element_type=\"widget\" data-e-type=\"widget\" data-widget_type=\"heading.default\">\n\t\t\t\t<div class=\"elementor-widget-container\">\n\t\t\t\t\t<h2 class=\"elementor-heading-title elementor-size-default\">CONSULTATION SANS FRAIS<\/h2>\t\t\t\t<\/div>\n\t\t\t\t<\/div>\n\t\t\t\t<div class=\"elementor-element elementor-element-3841673 elementor-widget elementor-widget-text-editor\" data-id=\"3841673\" data-element_type=\"widget\" data-e-type=\"widget\" data-widget_type=\"text-editor.default\">\n\t\t\t\t<div class=\"elementor-widget-container\">\n\t\t\t\t\t\t\t\t\t<p>La th\u00e9rapie implique un engagement significatif de temps, d\u2019\u00e9nergie et un investissement d\u2019argent. <br \/>Pour vous permettre de choisir le bon sp\u00e9cialiste pour vous, je vous invite \u00e0 <br \/><a href=\"https:\/\/hurtadopsychologist.janeapp.com\/#\/staff_member\/1\" target=\"_blank\" rel=\"noopener\"><strong>R\u00e9servez une consultation gratuite de 15 minutes <\/strong><\/a><br \/>par vid\u00e9o s\u00e9curis\u00e9e ou par t\u00e9l\u00e9phone, qui nous permettra de discuter de vos besoins et de d\u00e9terminer si mes services peuvent vous convenir.<\/p>\t\t\t\t\t\t\t\t<\/div>\n\t\t\t\t<\/div>\n\t\t\t\t\t<\/div>\n\t\t<\/div>\n\t\t\t\t\t<\/div>\n\t\t<\/section>\n\t\t\t\t<section class=\"elementor-section elementor-top-section elementor-element elementor-element-fc5aab3 elementor-section-full_width elementor-section-height-default elementor-section-height-default\" data-id=\"fc5aab3\" data-element_type=\"section\" data-e-type=\"section\">\n\t\t\t\t\t\t<div class=\"elementor-container elementor-column-gap-no\">\n\t\t\t\t\t<div class=\"elementor-column elementor-col-50 elementor-top-column elementor-element elementor-element-d28a24b\" data-id=\"d28a24b\" data-element_type=\"column\" data-e-type=\"column\" data-settings=\"{&quot;background_background&quot;:&quot;classic&quot;}\">\n\t\t\t<div class=\"elementor-widget-wrap elementor-element-populated\">\n\t\t\t\t\t\t<div class=\"elementor-element elementor-element-4514f9e elementor-view-default elementor-position-block-start elementor-mobile-position-block-start elementor-widget elementor-widget-icon-box\" data-id=\"4514f9e\" data-element_type=\"widget\" data-e-type=\"widget\" data-widget_type=\"icon-box.default\">\n\t\t\t\t<div class=\"elementor-widget-container\">\n\t\t\t\t\t\t\t<div class=\"elementor-icon-box-wrapper\">\n\n\t\t\t\t\t\t<div class=\"elementor-icon-box-icon\">\n\t\t\t\t<a href=\"https:\/\/hurtadopsychologist.com\/fr\/contact\/\" class=\"elementor-icon\" tabindex=\"-1\" aria-label=\"Contactez-nous\">\n\t\t\t\t<i aria-hidden=\"true\" class=\"far fa-envelope\"><\/i>\t\t\t\t<\/a>\n\t\t\t<\/div>\n\t\t\t\n\t\t\t\t\t\t<div class=\"elementor-icon-box-content\">\n\n\t\t\t\t\t\t\t\t\t<h3 class=\"elementor-icon-box-title\">\n\t\t\t\t\t\t<a href=\"https:\/\/hurtadopsychologist.com\/fr\/contact\/\">\n\t\t\t\t\t\t\tContactez-nous\t\t\t\t\t\t<\/a>\n\t\t\t\t\t<\/h3>\n\t\t\t\t\n\t\t\t\t\n\t\t\t<\/div>\n\t\t\t\n\t\t<\/div>\n\t\t\t\t\t\t<\/div>\n\t\t\t\t<\/div>\n\t\t\t\t\t<\/div>\n\t\t<\/div>\n\t\t\t\t<div class=\"elementor-column elementor-col-50 elementor-top-column elementor-element elementor-element-9f48eec\" data-id=\"9f48eec\" data-element_type=\"column\" data-e-type=\"column\" data-settings=\"{&quot;background_background&quot;:&quot;classic&quot;}\">\n\t\t\t<div class=\"elementor-widget-wrap elementor-element-populated\">\n\t\t\t\t\t\t<div class=\"elementor-element elementor-element-621fda1 elementor-view-default elementor-position-block-start elementor-mobile-position-block-start elementor-widget elementor-widget-icon-box\" data-id=\"621fda1\" data-element_type=\"widget\" data-e-type=\"widget\" data-widget_type=\"icon-box.default\">\n\t\t\t\t<div class=\"elementor-widget-container\">\n\t\t\t\t\t\t\t<div class=\"elementor-icon-box-wrapper\">\n\n\t\t\t\t\t\t<div class=\"elementor-icon-box-icon\">\n\t\t\t\t<a href=\"tel:+12896447734\" class=\"elementor-icon\" tabindex=\"-1\" aria-label=\"T\u00e9l\u00e9phonez-nous\">\n\t\t\t\t<i aria-hidden=\"true\" class=\"fas fa-phone-square\"><\/i>\t\t\t\t<\/a>\n\t\t\t<\/div>\n\t\t\t\n\t\t\t\t\t\t<div class=\"elementor-icon-box-content\">\n\n\t\t\t\t\t\t\t\t\t<h3 class=\"elementor-icon-box-title\">\n\t\t\t\t\t\t<a href=\"tel:+12896447734\" >\n\t\t\t\t\t\t\tT\u00e9l\u00e9phonez-nous\t\t\t\t\t\t<\/a>\n\t\t\t\t\t<\/h3>\n\t\t\t\t\n\t\t\t\t\n\t\t\t<\/div>\n\t\t\t\n\t\t<\/div>\n\t\t\t\t\t\t<\/div>\n\t\t\t\t<\/div>\n\t\t\t\t\t<\/div>\n\t\t<\/div>\n\t\t\t\t\t<\/div>\n\t\t<\/section>\n\t\t\t\t<section class=\"elementor-section elementor-top-section elementor-element elementor-element-90b2c8e elementor-section-height-min-height elementor-section-boxed elementor-section-height-default elementor-section-items-middle\" data-id=\"90b2c8e\" data-element_type=\"section\" data-e-type=\"section\" data-settings=\"{&quot;background_background&quot;:&quot;classic&quot;}\">\n\t\t\t\t\t\t<div class=\"elementor-container elementor-column-gap-default\">\n\t\t\t\t\t<div class=\"elementor-column elementor-col-100 elementor-top-column elementor-element elementor-element-59c8c21\" data-id=\"59c8c21\" data-element_type=\"column\" data-e-type=\"column\" data-settings=\"{&quot;background_background&quot;:&quot;classic&quot;}\">\n\t\t\t<div class=\"elementor-widget-wrap elementor-element-populated\">\n\t\t\t\t\t\t<div class=\"elementor-element elementor-element-cf12f00 elementor-widget elementor-widget-heading\" data-id=\"cf12f00\" data-element_type=\"widget\" data-e-type=\"widget\" data-widget_type=\"heading.default\">\n\t\t\t\t<div class=\"elementor-widget-container\">\n\t\t\t\t\t<h2 class=\"elementor-heading-title elementor-size-default\">T\u00c9L\u00c9TH\u00c9RAPIE<\/h2>\t\t\t\t<\/div>\n\t\t\t\t<\/div>\n\t\t\t\t<div class=\"elementor-element elementor-element-367e2f8 elementor-widget elementor-widget-text-editor\" data-id=\"367e2f8\" data-element_type=\"widget\" data-e-type=\"widget\" data-widget_type=\"text-editor.default\">\n\t\t\t\t<div class=\"elementor-widget-container\">\n\t\t\t\t\t\t\t\t\t<p>Des s\u00e9ances de psychoth\u00e9rapie offertes \u00e0 distance font partie int\u00e9grante de notre pratique afin que vous puissiez obtenir une r\u00e9ponse \u00e0 vos besoins en sant\u00e9 mentale, que vous soyez en Ontario ou au Qu\u00e9bec.<\/p><p>Cliquez sur le bouton ci-dessous pour r\u00e9server une CONSULTATION SANS FRAIS de 15 minutes, sans obligation (par vid\u00e9o ou t\u00e9l\u00e9phone) pour explorer si ce service r\u00e9pond \u00e0 vos besoins.<\/p>\t\t\t\t\t\t\t\t<\/div>\n\t\t\t\t<\/div>\n\t\t\t\t<div class=\"elementor-element elementor-element-c583739 elementor-align-center elementor-widget elementor-widget-button\" data-id=\"c583739\" data-element_type=\"widget\" data-e-type=\"widget\" data-widget_type=\"button.default\">\n\t\t\t\t<div class=\"elementor-widget-container\">\n\t\t\t\t\t\t\t\t\t<div class=\"elementor-button-wrapper\">\n\t\t\t\t\t<a class=\"elementor-button elementor-button-link elementor-size-lg\" href=\"https:\/\/hurtadopsychologist.janeapp.com\/#\/staff_member\/1\" target=\"_blank\" rel=\"noopener\">\n\t\t\t\t\t\t<span class=\"elementor-button-content-wrapper\">\n\t\t\t\t\t\t\t\t\t<span class=\"elementor-button-text\">Prendre un rendez-vous<\/span>\n\t\t\t\t\t<\/span>\n\t\t\t\t\t<\/a>\n\t\t\t\t<\/div>\n\t\t\t\t\t\t\t\t<\/div>\n\t\t\t\t<\/div>\n\t\t\t\t\t<\/div>\n\t\t<\/div>\n\t\t\t\t\t<\/div>\n\t\t<\/section>\n\t\t\t\t<\/div>","protected":false},"excerpt":{"rendered":"<p>PSYCHOLOGICAL SERVICES FEES Ontario Fee Quebec Fee Fees and rates are consistent with guidelines suggested by the Ontario Psychological Association reflecting Mayerling Hurtado\u2019s education, years of professional experience, and specific clinical focus. Note that there is no HST added on clinical services. Fees for services are charged on an hourly basis at the rate of [&hellip;]<\/p>\n","protected":false},"author":2,"featured_media":0,"parent":0,"menu_order":0,"comment_status":"closed","ping_status":"closed","template":"","meta":{"footnotes":""},"class_list":["post-287","page","type-page","status-publish","hentry"],"_links":{"self":[{"href":"https:\/\/hurtadopsychologist.com\/fr\/wp-json\/wp\/v2\/pages\/287","targetHints":{"allow":["GET"]}}],"collection":[{"href":"https:\/\/hurtadopsychologist.com\/fr\/wp-json\/wp\/v2\/pages"}],"about":[{"href":"https:\/\/hurtadopsychologist.com\/fr\/wp-json\/wp\/v2\/types\/page"}],"author":[{"embeddable":true,"href":"https:\/\/hurtadopsychologist.com\/fr\/wp-json\/wp\/v2\/users\/2"}],"replies":[{"embeddable":true,"href":"https:\/\/hurtadopsychologist.com\/fr\/wp-json\/wp\/v2\/comments?post=287"}],"version-history":[{"count":20,"href":"https:\/\/hurtadopsychologist.com\/fr\/wp-json\/wp\/v2\/pages\/287\/revisions"}],"predecessor-version":[{"id":1585,"href":"https:\/\/hurtadopsychologist.com\/fr\/wp-json\/wp\/v2\/pages\/287\/revisions\/1585"}],"wp:attachment":[{"href":"https:\/\/hurtadopsychologist.com\/fr\/wp-json\/wp\/v2\/media?parent=287"}],"curies":[{"name":"wp","href":"https:\/\/api.w.org\/{rel}","templated":true}]}}